{"id":5567,"date":"2024-07-10T10:38:11","date_gmt":"2024-07-10T08:38:11","guid":{"rendered":"https:\/\/jutta-vogel-stiftung.de\/mentions-legales\/"},"modified":"2024-12-17T22:47:51","modified_gmt":"2024-12-17T21:47:51","slug":"mentions-legales","status":"publish","type":"page","link":"https:\/\/jutta-vogel-stiftung.de\/fr\/mentions-legales\/","title":{"rendered":"Mentions l\u00e9gales"},"content":{"rendered":"\t\t<div data-elementor-type=\"wp-page\" data-elementor-id=\"5567\" class=\"elementor elementor-5567 elementor-3144\" data-elementor-post-type=\"page\">\n\t\t\t\t<div class=\"elementor-element elementor-element-ace0af2 e-flex e-con-boxed e-con e-parent\" data-id=\"ace0af2\" data-element_type=\"container\" data-e-type=\"container\" data-settings=\"{&quot;background_background&quot;:&quot;classic&quot;,&quot;shape_divider_bottom&quot;:&quot;mountains&quot;}\">\n\t\t\t\t\t<div class=\"e-con-inner\">\n\t\t\t\t<div class=\"elementor-shape elementor-shape-bottom\" aria-hidden=\"true\" data-negative=\"false\">\n\t\t\t<svg xmlns=\"http:\/\/www.w3.org\/2000\/svg\" viewBox=\"0 0 1000 100\" preserveAspectRatio=\"none\">\n\t<path class=\"elementor-shape-fill\" opacity=\"0.33\" d=\"M473,67.3c-203.9,88.3-263.1-34-320.3,0C66,119.1,0,59.7,0,59.7V0h1000v59.7 c0,0-62.1,26.1-94.9,29.3c-32.8,3.3-62.8-12.3-75.8-22.1C806,49.6,745.3,8.7,694.9,4.7S492.4,59,473,67.3z\"\/>\n\t<path class=\"elementor-shape-fill\" opacity=\"0.66\" d=\"M734,67.3c-45.5,0-77.2-23.2-129.1-39.1c-28.6-8.7-150.3-10.1-254,39.1 s-91.7-34.4-149.2,0C115.7,118.3,0,39.8,0,39.8V0h1000v36.5c0,0-28.2-18.5-92.1-18.5C810.2,18.1,775.7,67.3,734,67.3z\"\/>\n\t<path class=\"elementor-shape-fill\" d=\"M766.1,28.9c-200-57.5-266,65.5-395.1,19.5C242,1.8,242,5.4,184.8,20.6C128,35.8,132.3,44.9,89.9,52.5C28.6,63.7,0,0,0,0 h1000c0,0-9.9,40.9-83.6,48.1S829.6,47,766.1,28.9z\"\/>\n<\/svg>\t\t<\/div>\n\t\t<div class=\"elementor-element elementor-element-9797b15 e-flex e-con-boxed e-con e-child\" data-id=\"9797b15\" data-element_type=\"container\" data-e-type=\"container\">\n\t\t\t\t\t<div class=\"e-con-inner\">\n\t\t\t\t<div class=\"elementor-element elementor-element-1fa3c84 elementor-widget elementor-widget-heading\" data-id=\"1fa3c84\" data-element_type=\"widget\" data-e-type=\"widget\" data-widget_type=\"heading.default\">\n\t\t\t\t<div class=\"elementor-widget-container\">\n\t\t\t\t\t<h2 class=\"elementor-heading-title elementor-size-default\">Mentions l\u00e9gales<\/h2>\t\t\t\t<\/div>\n\t\t\t\t<\/div>\n\t\t\t\t\t<\/div>\n\t\t\t\t<\/div>\n\t\t\t\t\t<\/div>\n\t\t\t\t<\/div>\n\t\t<div class=\"elementor-element elementor-element-4331eaa0 e-flex e-con-boxed e-con e-parent\" data-id=\"4331eaa0\" data-element_type=\"container\" data-e-type=\"container\">\n\t\t\t\t\t<div class=\"e-con-inner\">\n\t\t\t\t<div class=\"elementor-element elementor-element-1e284f6e elementor-widget elementor-widget-text-editor\" data-id=\"1e284f6e\" data-element_type=\"widget\" data-e-type=\"widget\" data-widget_type=\"text-editor.default\">\n\t\t\t\t<div class=\"elementor-widget-container\">\n\t\t\t\t\t\t\t\t\t<p><strong>Fondation Jutta Vogel<\/strong><br>Institut d&rsquo;ethnologie<br>Universit\u00e9 de Cologne<br>Albertus-Magnus-Platz<br>50923 Cologne<\/p>\n<p><\/p>\n<p>Repr\u00e9sent\u00e9 par :<br>Prof. Dr. Michael Bollig<\/p>\n<p>T\u00e9l\u00e9phone : +49 221 470 76647<br>E-mail : <a href=\"mailto:info@jutta-vogel-stiftung.de\">info@jutta-vogel-stiftung.de<\/a><\/p>\n<p>Responsable du contenu conform\u00e9ment \u00e0 l&rsquo;article 10, paragraphe 3 du MDStV :<br>Comit\u00e9 directeur de la fondation Jutta Vogel<\/p>\n<p><\/p>\n<p>Autorit\u00e9 de contr\u00f4le comp\u00e9tente :<br>Bezirksregierung K\u00f6ln<br>R\u00e9pertoire des fondations du Land NRW<br>21\/15.1.2.1-13\/03<\/p>\n<p><\/p>\n<p><strong>Collaboration \u00e0 la r\u00e9daction : <\/strong>Renate Eichholz, Meike Meerpohl, Martina Gockel-Frank<\/p>\n<p><strong>Conception et design : <\/strong><a href=\"https:\/\/weckdesign.de\/\" target=\"_blank\" rel=\"noopener nofollow\">weckdesign<\/a>, Frederik Weck (Mayence \/ Cologne)<\/p>\n<p><strong>Photographies<\/strong>: Gertrud Boden, Edda Brandes, Kristin Broyhill, Catherine Collett, Marie-Theres Erz, Stefan Kr\u00f6pelin, Tilman Lenssen-Erz, Issak Oukafi Cheikh, Zekeria Ould Ahmed Salem, Katrin Schaumburg, Michael Schnegg, Farida Sellal, Jutta Vogel, Ralf Vogelsang, Hans-Peter Wotzka<\/p>\n<p><\/p>\n<p><\/p>\n<p>Reproduction, copie et utilisation d&rsquo;images et d&rsquo;articles (m\u00eame en partie) ainsi que d&rsquo;autres \u00e9l\u00e9ments de ce site uniquement avec l&rsquo;autorisation \u00e9crite de la Fondation Jutta Vogel.<\/p>\n<p><\/p>\n<p><strong>Responsabilit\u00e9<\/strong>: Malgr\u00e9 un contr\u00f4le minutieux du contenu, nous n&rsquo;assumons aucune responsabilit\u00e9 pour le contenu des liens externes. Seuls les exploitants de ces sites sont responsables de leur contenu. <\/p>\n<p><\/p>\t\t\t\t\t\t\t\t<\/div>\n\t\t\t\t<\/div>\n\t\t\t\t\t<\/div>\n\t\t\t\t<\/div>\n\t\t\t\t<\/div>\n\t\t","protected":false},"excerpt":{"rendered":"<p>Mentions l\u00e9gales Fondation Jutta VogelInstitut d&rsquo;ethnologieUniversit\u00e9 de CologneAlbertus-Magnus-Platz50923 Cologne Repr\u00e9sent\u00e9 par :Prof. Dr. Michael Bollig T\u00e9l\u00e9phone : +49 221 470 76647E-mail : info@jutta-vogel-stiftung.de Responsable du contenu conform\u00e9ment \u00e0 l&rsquo;article 10, paragraphe 3 du MDStV :Comit\u00e9 directeur de la fondation Jutta Vogel Autorit\u00e9 de contr\u00f4le comp\u00e9tente :Bezirksregierung K\u00f6lnR\u00e9pertoire des fondations du Land NRW21\/15.1.2.1-13\/03 Collaboration \u00e0 la [&hellip;]<\/p>\n","protected":false},"author":1,"featured_media":0,"parent":0,"menu_order":0,"comment_status":"closed","ping_status":"closed","template":"elementor_header_footer","meta":{"_acf_changed":false,"site-sidebar-layout":"default","site-content-layout":"","ast-site-content-layout":"full-width-container","site-content-style":"unboxed","site-sidebar-style":"default","ast-global-header-display":"","ast-banner-title-visibility":"","ast-main-header-display":"","ast-hfb-above-header-display":"","ast-hfb-below-header-display":"","ast-hfb-mobile-header-display":"","site-post-title":"","ast-breadcrumbs-content":"","ast-featured-img":"","footer-sml-layout":"","ast-disable-related-posts":"","theme-transparent-header-meta":"","adv-header-id-meta":"","stick-header-meta":"","header-above-stick-meta":"","header-main-stick-meta":"","header-below-stick-meta":"","astra-migrate-meta-layouts":"default","ast-page-background-enabled":"default","ast-page-background-meta":{"desktop":{"background-color":"","background-image":"","background-repeat":"repeat","background-position":"center center","background-size":"auto","background-attachment":"scroll","background-type":"","background-media":"","overlay-type":"","overlay-color":"","overlay-opacity":"","overlay-gradient":""},"tablet":{"background-color":"","background-image":"","background-repeat":"repeat","background-position":"center center","background-size":"auto","background-attachment":"scroll","background-type":"","background-media":"","overlay-type":"","overlay-color":"","overlay-opacity":"","overlay-gradient":""},"mobile":{"background-color":"","background-image":"","background-repeat":"repeat","background-position":"center center","background-size":"auto","background-attachment":"scroll","background-type":"","background-media":"","overlay-type":"","overlay-color":"","overlay-opacity":"","overlay-gradient":""}},"ast-content-background-meta":{"desktop":{"background-color":"var(--ast-global-color-5)","background-image":"","background-repeat":"repeat","background-position":"center center","background-size":"auto","background-attachment":"scroll","background-type":"","background-media":"","overlay-type":"","overlay-color":"","overlay-opacity":"","overlay-gradient":""},"tablet":{"background-color":"var(--ast-global-color-5)","background-image":"","background-repeat":"repeat","background-position":"center center","background-size":"auto","background-attachment":"scroll","background-type":"","background-media":"","overlay-type":"","overlay-color":"","overlay-opacity":"","overlay-gradient":""},"mobile":{"background-color":"var(--ast-global-color-5)","background-image":"","background-repeat":"repeat","background-position":"center center","background-size":"auto","background-attachment":"scroll","background-type":"","background-media":"","overlay-type":"","overlay-color":"","overlay-opacity":"","overlay-gradient":""}},"footnotes":""},"class_list":["post-5567","page","type-page","status-publish","hentry"],"acf":[],"_links":{"self":[{"href":"https:\/\/jutta-vogel-stiftung.de\/fr\/wp-json\/wp\/v2\/pages\/5567","targetHints":{"allow":["GET"]}}],"collection":[{"href":"https:\/\/jutta-vogel-stiftung.de\/fr\/wp-json\/wp\/v2\/pages"}],"about":[{"href":"https:\/\/jutta-vogel-stiftung.de\/fr\/wp-json\/wp\/v2\/types\/page"}],"author":[{"embeddable":true,"href":"https:\/\/jutta-vogel-stiftung.de\/fr\/wp-json\/wp\/v2\/users\/1"}],"replies":[{"embeddable":true,"href":"https:\/\/jutta-vogel-stiftung.de\/fr\/wp-json\/wp\/v2\/comments?post=5567"}],"version-history":[{"count":3,"href":"https:\/\/jutta-vogel-stiftung.de\/fr\/wp-json\/wp\/v2\/pages\/5567\/revisions"}],"predecessor-version":[{"id":6280,"href":"https:\/\/jutta-vogel-stiftung.de\/fr\/wp-json\/wp\/v2\/pages\/5567\/revisions\/6280"}],"wp:attachment":[{"href":"https:\/\/jutta-vogel-stiftung.de\/fr\/wp-json\/wp\/v2\/media?parent=5567"}],"curies":[{"name":"wp","href":"https:\/\/api.w.org\/{rel}","templated":true}]}}