{"id":5578,"date":"2024-05-02T16:36:14","date_gmt":"2024-05-02T14:36:14","guid":{"rendered":"https:\/\/jutta-vogel-stiftung.de\/dons\/"},"modified":"2025-10-08T21:27:20","modified_gmt":"2025-10-08T19:27:20","slug":"dons","status":"publish","type":"page","link":"https:\/\/jutta-vogel-stiftung.de\/fr\/dons\/","title":{"rendered":"Dons"},"content":{"rendered":"\t\t<div data-elementor-type=\"wp-page\" data-elementor-id=\"5578\" class=\"elementor elementor-5578 elementor-2902\" data-elementor-post-type=\"page\">\n\t\t\t\t<div class=\"elementor-element elementor-element-c214f99 e-flex e-con-boxed e-con e-parent\" data-id=\"c214f99\" data-element_type=\"container\" data-e-type=\"container\" data-settings=\"{&quot;background_background&quot;:&quot;classic&quot;,&quot;shape_divider_bottom&quot;:&quot;mountains&quot;}\">\n\t\t\t\t\t<div class=\"e-con-inner\">\n\t\t\t\t<div class=\"elementor-shape elementor-shape-bottom\" aria-hidden=\"true\" data-negative=\"false\">\n\t\t\t<svg xmlns=\"http:\/\/www.w3.org\/2000\/svg\" viewBox=\"0 0 1000 100\" preserveAspectRatio=\"none\">\n\t<path class=\"elementor-shape-fill\" opacity=\"0.33\" d=\"M473,67.3c-203.9,88.3-263.1-34-320.3,0C66,119.1,0,59.7,0,59.7V0h1000v59.7 c0,0-62.1,26.1-94.9,29.3c-32.8,3.3-62.8-12.3-75.8-22.1C806,49.6,745.3,8.7,694.9,4.7S492.4,59,473,67.3z\"\/>\n\t<path class=\"elementor-shape-fill\" opacity=\"0.66\" d=\"M734,67.3c-45.5,0-77.2-23.2-129.1-39.1c-28.6-8.7-150.3-10.1-254,39.1 s-91.7-34.4-149.2,0C115.7,118.3,0,39.8,0,39.8V0h1000v36.5c0,0-28.2-18.5-92.1-18.5C810.2,18.1,775.7,67.3,734,67.3z\"\/>\n\t<path class=\"elementor-shape-fill\" d=\"M766.1,28.9c-200-57.5-266,65.5-395.1,19.5C242,1.8,242,5.4,184.8,20.6C128,35.8,132.3,44.9,89.9,52.5C28.6,63.7,0,0,0,0 h1000c0,0-9.9,40.9-83.6,48.1S829.6,47,766.1,28.9z\"\/>\n<\/svg>\t\t<\/div>\n\t\t<div class=\"elementor-element elementor-element-a0420a6 e-flex e-con-boxed e-con e-child\" data-id=\"a0420a6\" data-element_type=\"container\" data-e-type=\"container\">\n\t\t\t\t\t<div class=\"e-con-inner\">\n\t\t\t\t<div class=\"elementor-element elementor-element-75251c2 elementor-widget elementor-widget-heading\" data-id=\"75251c2\" data-element_type=\"widget\" data-e-type=\"widget\" data-widget_type=\"heading.default\">\n\t\t\t\t<div class=\"elementor-widget-container\">\n\t\t\t\t\t<h2 class=\"elementor-heading-title elementor-size-default\">Dons<\/h2>\t\t\t\t<\/div>\n\t\t\t\t<\/div>\n\t\t\t\t\t<\/div>\n\t\t\t\t<\/div>\n\t\t\t\t\t<\/div>\n\t\t\t\t<\/div>\n\t\t<div class=\"elementor-element elementor-element-bf2cd92 e-flex e-con-boxed e-con e-parent\" data-id=\"bf2cd92\" data-element_type=\"container\" data-e-type=\"container\" data-settings=\"{&quot;background_background&quot;:&quot;classic&quot;}\">\n\t\t\t\t\t<div class=\"e-con-inner\">\n\t\t<div class=\"elementor-element elementor-element-f5f82c0 e-con-full e-flex e-con e-child\" data-id=\"f5f82c0\" data-element_type=\"container\" data-e-type=\"container\">\n\t\t<div class=\"elementor-element elementor-element-0114049 e-con-full e-flex e-con e-child\" data-id=\"0114049\" data-element_type=\"container\" data-e-type=\"container\">\n\t\t\t\t<div class=\"elementor-element elementor-element-588ea95 elementor-widget elementor-widget-heading\" data-id=\"588ea95\" data-element_type=\"widget\" data-e-type=\"widget\" data-widget_type=\"heading.default\">\n\t\t\t\t<div class=\"elementor-widget-container\">\n\t\t\t\t\t<h5 class=\"elementor-heading-title elementor-size-default\">Dons<\/h5>\t\t\t\t<\/div>\n\t\t\t\t<\/div>\n\t\t\t\t<div class=\"elementor-element elementor-element-6d307e6 elementor-widget elementor-widget-heading\" data-id=\"6d307e6\" data-element_type=\"widget\" data-e-type=\"widget\" data-widget_type=\"heading.default\">\n\t\t\t\t<div class=\"elementor-widget-container\">\n\t\t\t\t\t<h2 class=\"elementor-heading-title elementor-size-default\">Soutenez notre travail<\/h2>\t\t\t\t<\/div>\n\t\t\t\t<\/div>\n\t\t\t\t<\/div>\n\t\t<div class=\"elementor-element elementor-element-f9f9bb9 e-con-full e-flex e-con e-child\" data-id=\"f9f9bb9\" data-element_type=\"container\" data-e-type=\"container\">\n\t\t\t\t<div class=\"elementor-element elementor-element-1c865b1 elementor-widget elementor-widget-text-editor\" data-id=\"1c865b1\" data-element_type=\"widget\" data-e-type=\"widget\" data-widget_type=\"text-editor.default\">\n\t\t\t\t<div class=\"elementor-widget-container\">\n\t\t\t\t\t\t\t\t\t<p>Rejoignez notre alliance mondiale et soutenez la pr\u00e9servation de la culture dans les zones d\u00e9sertiques d&rsquo;Afrique.<\/p><p>Si vous souhaitez vous engager aupr\u00e8s de Sauvegarde de la culture dans les d\u00e9serts d&rsquo;Afrique et contribuer au d\u00e9veloppement de la Fondation Jutta Vogel, les dons de tout montant sont les bienvenus. Les donations \u00e0 partir de 10.000 \u20ac sont \u00e9galement les bienvenues. Les dons et les donations donnent droit \u00e0 des avantages fiscaux en raison de la promotion d&rsquo;objectifs scientifiques et culturels. Un certificat de donation sera d\u00e9livr\u00e9.   <\/p>\t\t\t\t\t\t\t\t<\/div>\n\t\t\t\t<\/div>\n\t\t\t\t<div class=\"elementor-element elementor-element-486a3e8 elementor-widget elementor-widget-text-editor\" data-id=\"486a3e8\" data-element_type=\"widget\" data-e-type=\"widget\" data-widget_type=\"text-editor.default\">\n\t\t\t\t<div class=\"elementor-widget-container\">\n\t\t\t\t\t\t\t\t\t<p>Compte pour les dons :<br>Commerzbank K\u00f6ln<br>IBAN : DE82 3704 0044 0520 8525<br>(BIC : COBADEFFXXX)<\/p>\t\t\t\t\t\t\t\t<\/div>\n\t\t\t\t<\/div>\n\t\t\t\t<div class=\"elementor-element elementor-element-b36229d elementor-widget elementor-widget-button\" data-id=\"b36229d\" data-element_type=\"widget\" data-e-type=\"widget\" data-widget_type=\"button.default\">\n\t\t\t\t<div class=\"elementor-widget-container\">\n\t\t\t\t\t\t\t\t\t<div class=\"elementor-button-wrapper\">\n\t\t\t\t\t<a class=\"elementor-button elementor-button-link elementor-size-sm\" href=\"https:\/\/donate.raisenow.io\/jcncn?analytics.channel=button&#038;lng=fr\" rel=\"nofollow noopener\" target=\"_blank\">\n\t\t\t\t\t\t<span class=\"elementor-button-content-wrapper\">\n\t\t\t\t\t\t<span class=\"elementor-button-icon\">\n\t\t\t\t<svg xmlns=\"http:\/\/www.w3.org\/2000\/svg\" fill=\"#000000\" viewBox=\"0 0 64 64\" width=\"64px\" height=\"64px\"><path d=\"M 16.113281 6.2050781 L 13.064453 8.7949219 L 31.578125 32.003906 L 13.0625 55.308594 L 16.115234 57.892578 L 37.701172 33.9375 L 39.451172 31.996094 L 37.697266 30.056641 L 16.113281 6.2050781 z M 33.113281 6.2050781 L 30.064453 8.7949219 L 48.578125 32.003906 L 30.0625 55.308594 L 33.115234 57.892578 L 54.701172 33.9375 L 56.451172 31.996094 L 54.697266 30.056641 L 33.113281 6.2050781 z\"><\/path><\/svg>\t\t\t<\/span>\n\t\t\t\t\t\t\t\t\t<span class=\"elementor-button-text\">Faire un don<\/span>\n\t\t\t\t\t<\/span>\n\t\t\t\t\t<\/a>\n\t\t\t\t<\/div>\n\t\t\t\t\t\t\t\t<\/div>\n\t\t\t\t<\/div>\n\t\t\t\t<\/div>\n\t\t\t\t<\/div>\n\t\t\t\t\t<\/div>\n\t\t\t\t<\/div>\n\t\t\t\t<\/div>\n\t\t","protected":false},"excerpt":{"rendered":"<p>Dons Dons Soutenez notre travail Rejoignez notre alliance mondiale et soutenez la pr\u00e9servation de la culture dans les zones d\u00e9sertiques d&rsquo;Afrique. Si vous souhaitez vous engager aupr\u00e8s de Sauvegarde de la culture dans les d\u00e9serts d&rsquo;Afrique et contribuer au d\u00e9veloppement de la Fondation Jutta Vogel, les dons de tout montant sont les bienvenus. Les donations [&hellip;]<\/p>\n","protected":false},"author":1,"featured_media":0,"parent":0,"menu_order":0,"comment_status":"closed","ping_status":"closed","template":"","meta":{"_acf_changed":false,"site-sidebar-layout":"no-sidebar","site-content-layout":"page-builder","ast-site-content-layout":"full-width-container","site-content-style":"default","site-sidebar-style":"default","ast-global-header-display":"","ast-banner-title-visibility":"","ast-main-header-display":"","ast-hfb-above-header-display":"","ast-hfb-below-header-display":"","ast-hfb-mobile-header-display":"","site-post-title":"disabled","ast-breadcrumbs-content":"","ast-featured-img":"disabled","footer-sml-layout":"","ast-disable-related-posts":"","theme-transparent-header-meta":"","adv-header-id-meta":"","stick-header-meta":"","header-above-stick-meta":"","header-main-stick-meta":"","header-below-stick-meta":"","astra-migrate-meta-layouts":"default","ast-page-background-enabled":"default","ast-page-background-meta":{"desktop":{"background-color":"","background-image":"","background-repeat":"repeat","background-position":"center center","background-size":"auto","background-attachment":"scroll","background-type":"","background-media":"","overlay-type":"","overlay-color":"","overlay-opacity":"","overlay-gradient":""},"tablet":{"background-color":"","background-image":"","background-repeat":"repeat","background-position":"center center","background-size":"auto","background-attachment":"scroll","background-type":"","background-media":"","overlay-type":"","overlay-color":"","overlay-opacity":"","overlay-gradient":""},"mobile":{"background-color":"","background-image":"","background-repeat":"repeat","background-position":"center center","background-size":"auto","background-attachment":"scroll","background-type":"","background-media":"","overlay-type":"","overlay-color":"","overlay-opacity":"","overlay-gradient":""}},"ast-content-background-meta":{"desktop":{"background-color":"var(--ast-global-color-5)","background-image":"","background-repeat":"repeat","background-position":"center center","background-size":"auto","background-attachment":"scroll","background-type":"","background-media":"","overlay-type":"","overlay-color":"","overlay-opacity":"","overlay-gradient":""},"tablet":{"background-color":"var(--ast-global-color-5)","background-image":"","background-repeat":"repeat","background-position":"center center","background-size":"auto","background-attachment":"scroll","background-type":"","background-media":"","overlay-type":"","overlay-color":"","overlay-opacity":"","overlay-gradient":""},"mobile":{"background-color":"var(--ast-global-color-5)","background-image":"","background-repeat":"repeat","background-position":"center center","background-size":"auto","background-attachment":"scroll","background-type":"","background-media":"","overlay-type":"","overlay-color":"","overlay-opacity":"","overlay-gradient":""}},"footnotes":""},"class_list":["post-5578","page","type-page","status-publish","hentry"],"acf":[],"_links":{"self":[{"href":"https:\/\/jutta-vogel-stiftung.de\/fr\/wp-json\/wp\/v2\/pages\/5578","targetHints":{"allow":["GET"]}}],"collection":[{"href":"https:\/\/jutta-vogel-stiftung.de\/fr\/wp-json\/wp\/v2\/pages"}],"about":[{"href":"https:\/\/jutta-vogel-stiftung.de\/fr\/wp-json\/wp\/v2\/types\/page"}],"author":[{"embeddable":true,"href":"https:\/\/jutta-vogel-stiftung.de\/fr\/wp-json\/wp\/v2\/users\/1"}],"replies":[{"embeddable":true,"href":"https:\/\/jutta-vogel-stiftung.de\/fr\/wp-json\/wp\/v2\/comments?post=5578"}],"version-history":[{"count":10,"href":"https:\/\/jutta-vogel-stiftung.de\/fr\/wp-json\/wp\/v2\/pages\/5578\/revisions"}],"predecessor-version":[{"id":6681,"href":"https:\/\/jutta-vogel-stiftung.de\/fr\/wp-json\/wp\/v2\/pages\/5578\/revisions\/6681"}],"wp:attachment":[{"href":"https:\/\/jutta-vogel-stiftung.de\/fr\/wp-json\/wp\/v2\/media?parent=5578"}],"curies":[{"name":"wp","href":"https:\/\/api.w.org\/{rel}","templated":true}]}}